{"id":1540,"date":"2025-07-01T13:40:04","date_gmt":"2025-07-01T11:40:04","guid":{"rendered":"https:\/\/app.semtix.eu\/?page_id=1540"},"modified":"2025-07-28T11:44:08","modified_gmt":"2025-07-28T09:44:08","slug":"svarovani-a-roboticke-linky","status":"publish","type":"page","link":"https:\/\/betempl.semtix.eu\/de\/svarovani-a-roboticke-linky\/","title":{"rendered":"Robotick\u00e9 sva\u0159ov\u00e1n\u00ed"},"content":{"rendered":"","protected":false},"excerpt":{"rendered":"","protected":false},"author":3,"featured_media":-1,"parent":0,"menu_order":0,"comment_status":"closed","ping_status":"closed","template":"","meta":{"footnotes":""},"class_list":["post-1540","page","type-page","status-publish","has-post-thumbnail","hentry"],"_links":{"self":[{"href":"https:\/\/betempl.semtix.eu\/de\/wp-json\/wp\/v2\/pages\/1540","targetHints":{"allow":["GET"]}}],"collection":[{"href":"https:\/\/betempl.semtix.eu\/de\/wp-json\/wp\/v2\/pages"}],"about":[{"href":"https:\/\/betempl.semtix.eu\/de\/wp-json\/wp\/v2\/types\/page"}],"author":[{"embeddable":true,"href":"https:\/\/betempl.semtix.eu\/de\/wp-json\/wp\/v2\/users\/3"}],"replies":[{"embeddable":true,"href":"https:\/\/betempl.semtix.eu\/de\/wp-json\/wp\/v2\/comments?post=1540"}],"version-history":[{"count":6,"href":"https:\/\/betempl.semtix.eu\/de\/wp-json\/wp\/v2\/pages\/1540\/revisions"}],"predecessor-version":[{"id":2984,"href":"https:\/\/betempl.semtix.eu\/de\/wp-json\/wp\/v2\/pages\/1540\/revisions\/2984"}],"wp:featuredmedia":[{"embeddable":true,"href":"https:\/\/betempl.semtix.eu\/de\/wp-json\/"}],"wp:attachment":[{"href":"https:\/\/betempl.semtix.eu\/de\/wp-json\/wp\/v2\/media?parent=1540"}],"curies":[{"name":"wp","href":"https:\/\/api.w.org\/{rel}","templated":true}]}}